{"id":48,"date":"2016-12-16T16:04:54","date_gmt":"2016-12-16T15:04:54","guid":{"rendered":"https:\/\/www.culinairardennen.be\/fr\/?page_id=48"},"modified":"2025-08-25T12:08:25","modified_gmt":"2025-08-25T10:08:25","slug":"contact","status":"publish","type":"page","link":"https:\/\/www.culinairardennen.be\/fr\/contact\/","title":{"rendered":"Contact"},"content":{"rendered":"<p>[et_pb_section fb_built=&#8221;1&#8243; admin_label=&#8221;section&#8221; _builder_version=&#8221;4.16&#8243; background_color=&#8221;#29373a&#8221; global_colors_info=&#8221;{}&#8221;][et_pb_row admin_label=&#8221;row&#8221; _builder_version=&#8221;4.16&#8243; background_size=&#8221;initial&#8221; background_position=&#8221;top_left&#8221; background_repeat=&#8221;repeat&#8221; global_colors_info=&#8221;{}&#8221;][et_pb_column type=&#8221;4_4&#8243; _builder_version=&#8221;4.16&#8243; custom_padding=&#8221;|||&#8221; global_colors_info=&#8221;{}&#8221; custom_padding__hover=&#8221;|||&#8221;][et_pb_text _builder_version=&#8221;4.16&#8243; text_font=&#8221;||||||||&#8221; header_font=&#8221;Prata Regular||||||||&#8221; header_text_align=&#8221;center&#8221; header_text_color=&#8221;#cab283&#8243; background_size=&#8221;initial&#8221; background_position=&#8221;top_left&#8221; background_repeat=&#8221;repeat&#8221; use_border_color=&#8221;off&#8221; border_color=&#8221;#ffffff&#8221; border_style=&#8221;solid&#8221; global_colors_info=&#8221;{}&#8221;]<\/p>\n<h1>Contact<\/h1>\n<p>[\/et_pb_text][\/et_pb_column][\/et_pb_row][et_pb_row _builder_version=&#8221;4.16&#8243; background_size=&#8221;initial&#8221; background_position=&#8221;top_left&#8221; background_repeat=&#8221;repeat&#8221; global_colors_info=&#8221;{}&#8221;][et_pb_column type=&#8221;4_4&#8243; _builder_version=&#8221;4.16&#8243; custom_padding=&#8221;|||&#8221; global_colors_info=&#8221;{}&#8221; custom_padding__hover=&#8221;|||&#8221;][et_pb_button button_url=&#8221;tel:+32477831978&#8243; button_text=&#8221;Appelez-nous&#8221; button_alignment=&#8221;center&#8221; disabled_on=&#8221;off|on|on&#8221; _builder_version=&#8221;4.16&#8243; background_layout=&#8221;dark&#8221; global_colors_info=&#8221;{}&#8221; button_text_size__hover_enabled=&#8221;off&#8221; button_one_text_size__hover_enabled=&#8221;off&#8221; button_two_text_size__hover_enabled=&#8221;off&#8221; button_text_color__hover_enabled=&#8221;off&#8221; button_one_text_color__hover_enabled=&#8221;off&#8221; button_two_text_color__hover_enabled=&#8221;off&#8221; button_border_width__hover_enabled=&#8221;off&#8221; button_one_border_width__hover_enabled=&#8221;off&#8221; button_two_border_width__hover_enabled=&#8221;off&#8221; button_border_color__hover_enabled=&#8221;off&#8221; button_one_border_color__hover_enabled=&#8221;off&#8221; button_two_border_color__hover_enabled=&#8221;off&#8221; button_border_radius__hover_enabled=&#8221;off&#8221; button_one_border_radius__hover_enabled=&#8221;off&#8221; button_two_border_radius__hover_enabled=&#8221;off&#8221; button_letter_spacing__hover_enabled=&#8221;off&#8221; button_one_letter_spacing__hover_enabled=&#8221;off&#8221; button_two_letter_spacing__hover_enabled=&#8221;off&#8221; button_bg_color__hover_enabled=&#8221;off&#8221; button_one_bg_color__hover_enabled=&#8221;off&#8221; button_two_bg_color__hover_enabled=&#8221;off&#8221;][\/et_pb_button][\/et_pb_column][\/et_pb_row][et_pb_row _builder_version=&#8221;4.27.4&#8243; background_size=&#8221;initial&#8221; background_position=&#8221;top_left&#8221; background_repeat=&#8221;repeat&#8221; display_conditions=&#8221;W3siaWQiOiJjMGI1MjhiNC0wZWI5LTQ5ZGUtOTYyMy0yN2JlZjg2YjI0MmQiLCJjb25kaXRpb24iOiJkYXRlVGltZSIsImNvbmRpdGlvblNldHRpbmdzIjp7ImRpc3BsYXlSdWxlIjoiaXNCZWZvcmUiLCJkYXRlIjoiMjAyNS0wMi0yMyIsInRpbWUiOiIwMDowMCIsIndlZWtkYXlzIjoifCIsImFsbERheSI6Im9uIiwiZnJvbVRpbWUiOiIwMDowMCIsInVudGlsVGltZSI6IjAwOjAwIiwicmVwZWF0Ijoib2ZmIiwicmVwZWF0RnJlcXVlbmN5IjoibW9udGhseSIsInJlcGVhdEZyZXF1ZW5jeVNwZWNpZmljRGF5cyI6IndlZWtseSIsInJlcGVhdEVuZCI6Im5ldmVyIiwicmVwZWF0VW50aWxEYXRlIjoiMjAyNC0yLTgiLCJyZXBlYXRUaW1lcyI6IjMiLCJhZG1pbkxhYmVsIjoiRGF0ZSBldCBoZXVyZSIsImVuYWJsZUNvbmRpdGlvbiI6Im9uIn0sIm9wZXJhdG9yIjoiT1IifV0=&#8221; global_colors_info=&#8221;{}&#8221;][et_pb_column type=&#8221;4_4&#8243; _builder_version=&#8221;4.16&#8243; custom_padding=&#8221;|||&#8221; global_colors_info=&#8221;{}&#8221; custom_padding__hover=&#8221;|||&#8221;][et_pb_text _builder_version=&#8221;4.27.4&#8243; _module_preset=&#8221;default&#8221; text_text_color=&#8221;#FFFFFF&#8221; custom_padding=&#8221;3%|3%|3%|3%|true|true&#8221; border_width_all=&#8221;1px&#8221; border_color_all=&#8221;#cab283&#8243; global_colors_info=&#8221;{}&#8221;]<\/p>\n<p>Du 6 janvier au 23 f\u00e9vrier 2025, le restaurant sera ouvert le vendredi, samedi et dimanche uniquement.<\/p>\n<p><strong><\/strong><\/p>\n<p>[\/et_pb_text][\/et_pb_column][\/et_pb_row][et_pb_row column_structure=&#8221;1_3,2_3&#8243; module_class=&#8221; et_pb_row_fullwidth&#8221; _builder_version=&#8221;4.23.1&#8243; background_size=&#8221;initial&#8221; background_position=&#8221;top_left&#8221; background_repeat=&#8221;repeat&#8221; width=&#8221;89%&#8221; width_tablet=&#8221;80%&#8221; width_phone=&#8221;&#8221; width_last_edited=&#8221;on|desktop&#8221; max_width=&#8221;89%&#8221; max_width_tablet=&#8221;80%&#8221; max_width_phone=&#8221;&#8221; max_width_last_edited=&#8221;on|desktop&#8221; make_fullwidth=&#8221;on&#8221; global_colors_info=&#8221;{}&#8221;][et_pb_column type=&#8221;1_3&#8243; _builder_version=&#8221;4.16&#8243; background_color=&#8221;#29373a&#8221; custom_padding=&#8221;5%|5%|5%|5%&#8221; global_colors_info=&#8221;{}&#8221; custom_padding__hover=&#8221;|||&#8221;][et_pb_blurb use_icon=&#8221;on&#8221; font_icon=&#8221;&#xe081;||divi||400&#8243; icon_placement=&#8221;left&#8221; image_icon_width=&#8221;24px&#8221; _builder_version=&#8221;4.16&#8243; body_font=&#8221;|300|||||||&#8221; background_size=&#8221;initial&#8221; background_position=&#8221;top_left&#8221; background_repeat=&#8221;repeat&#8221; background_layout=&#8221;dark&#8221; animation=&#8221;bottom&#8221; use_border_color=&#8221;off&#8221; border_color=&#8221;#ffffff&#8221; border_style=&#8221;solid&#8221; icon_font_size=&#8221;24px&#8221; global_colors_info=&#8221;{}&#8221;]<\/p>\n<p>Rue du T.T.A 1a<br \/> 6997 Blier-Erez\u00e9e<br \/> Belgique<\/p>\n<p>[\/et_pb_blurb][et_pb_blurb use_icon=&#8221;on&#8221; font_icon=&#8221;&#xe090;||divi||400&#8243; icon_placement=&#8221;left&#8221; image_icon_width=&#8221;24px&#8221; content_tablet=&#8221;<a href=%22tel:+32477831978%22>+32 (0)477 83 19 78<\/a>&#8221; content_phone=&#8221;<a href=%22tel:+32477831978%22>+32 (0)477 83 19 78<\/a>&#8221; content_last_edited=&#8221;on|phone&#8221; _builder_version=&#8221;4.21.0&#8243; body_font=&#8221;|300|||||||&#8221; background_size=&#8221;initial&#8221; background_position=&#8221;top_left&#8221; background_repeat=&#8221;repeat&#8221; background_layout=&#8221;dark&#8221; animation=&#8221;bottom&#8221; use_border_color=&#8221;off&#8221; border_color=&#8221;#ffffff&#8221; border_style=&#8221;solid&#8221; icon_font_size=&#8221;24px&#8221; global_colors_info=&#8221;{}&#8221;]+32 (0)477 83 19 78[\/et_pb_blurb][et_pb_blurb use_icon=&#8221;on&#8221; font_icon=&#8221;&#x7d;||divi||400&#8243; icon_placement=&#8221;left&#8221; image_icon_width=&#8221;24px&#8221; _builder_version=&#8221;4.27.4&#8243; body_font=&#8221;|300|||||||&#8221; background_size=&#8221;initial&#8221; background_position=&#8221;top_left&#8221; background_repeat=&#8221;repeat&#8221; background_layout=&#8221;dark&#8221; animation=&#8221;bottom&#8221; use_border_color=&#8221;off&#8221; border_color=&#8221;#ffffff&#8221; border_style=&#8221;solid&#8221; icon_font_size=&#8221;24px&#8221; global_colors_info=&#8221;{}&#8221;]<\/p>\n<ul>\n<li>Ferm\u00e9 le mardi et mercredi<\/li>\n<li>Brasserie de 09h00 \u00e0 23h00<\/li>\n<li>Restaurant de 12h00 \u00e0 21h30<\/li>\n<\/ul>\n<p>[\/et_pb_blurb][\/et_pb_column][et_pb_column type=&#8221;2_3&#8243; _builder_version=&#8221;4.23.1&#8243; background_color=&#8221;#29373a&#8221; custom_padding=&#8221;5%|5%|5%|5%&#8221; border_width_all=&#8221;1px&#8221; border_color_all=&#8221;#cab283&#8243; global_colors_info=&#8221;{}&#8221; custom_padding__hover=&#8221;|||&#8221;][et_pb_contact_form email=&#8221;info@levaldelaisne.be&#8221; custom_message=&#8221;<\/p>\n<p>Nouveau e-mail depuis le formulaire de contact du restaurant A l&#8217;Ais(n)e<\/p>\n<p>||et_pb_line_break_holder||<\/p>\n<p>De: %%Name%%<\/p>\n<p> ||et_pb_line_break_holder||<\/p>\n<p>Adresse e-mail : %%Email%%<\/p>\n<p>||et_pb_line_break_holder||<\/p>\n<p>Tel : %%phone%%<\/p>\n<p>||et_pb_line_break_holder||<\/p>\n<p>Message: %%Message%%<\/p>\n<p>||et_pb_line_break_holder||<\/p>\n<p>%%RGPD%%:  Acccept\u00e9<\/p>\n<p>&#8221; module_id=&#8221;et_pb_contact_form_0&#8243; _builder_version=&#8221;4.16&#8243; _unique_id=&#8221;82b4c9a3-dd5b-4147-a8e8-2b22ca378b89&#8243; form_field_background_color=&#8221;#29373a&#8221; form_field_text_color=&#8221;#dab77a&#8221; form_field_focus_text_color=&#8221;#ffffff&#8221; captcha_text_color=&#8221;#ffffff&#8221; custom_button=&#8221;on&#8221; button_text_color=&#8221;#29373a&#8221; button_bg_color=&#8221;#cab283&#8243; border_radii=&#8221;on|0px|0px|0px|0px&#8221; border_width_bottom=&#8221;2px&#8221; border_color_bottom=&#8221;#dab77a&#8221; border_style=&#8221;solid&#8221; input_border_radius=&#8221;0&#8243; global_colors_info=&#8221;{}&#8221;][et_pb_contact_field field_id=&#8221;Name&#8221; field_title=&#8221;Nom&#8221; _builder_version=&#8221;4.16&#8243; global_colors_info=&#8221;{}&#8221; button_text_size__hover_enabled=&#8221;off&#8221; button_one_text_size__hover_enabled=&#8221;off&#8221; button_two_text_size__hover_enabled=&#8221;off&#8221; button_text_color__hover_enabled=&#8221;off&#8221; button_one_text_color__hover_enabled=&#8221;off&#8221; button_two_text_color__hover_enabled=&#8221;off&#8221; button_border_width__hover_enabled=&#8221;off&#8221; button_one_border_width__hover_enabled=&#8221;off&#8221; button_two_border_width__hover_enabled=&#8221;off&#8221; button_border_color__hover_enabled=&#8221;off&#8221; button_one_border_color__hover_enabled=&#8221;off&#8221; button_two_border_color__hover_enabled=&#8221;off&#8221; button_border_radius__hover_enabled=&#8221;off&#8221; button_one_border_radius__hover_enabled=&#8221;off&#8221; button_two_border_radius__hover_enabled=&#8221;off&#8221; button_letter_spacing__hover_enabled=&#8221;off&#8221; button_one_letter_spacing__hover_enabled=&#8221;off&#8221; button_two_letter_spacing__hover_enabled=&#8221;off&#8221; button_bg_color__hover_enabled=&#8221;off&#8221; button_one_bg_color__hover_enabled=&#8221;off&#8221; button_two_bg_color__hover_enabled=&#8221;off&#8221;][\/et_pb_contact_field][et_pb_contact_field field_id=&#8221;Email&#8221; field_title=&#8221;Adresse e-mail&#8221; field_type=&#8221;email&#8221; _builder_version=&#8221;4.16&#8243; global_colors_info=&#8221;{}&#8221; button_text_size__hover_enabled=&#8221;off&#8221; button_one_text_size__hover_enabled=&#8221;off&#8221; button_two_text_size__hover_enabled=&#8221;off&#8221; button_text_color__hover_enabled=&#8221;off&#8221; button_one_text_color__hover_enabled=&#8221;off&#8221; button_two_text_color__hover_enabled=&#8221;off&#8221; button_border_width__hover_enabled=&#8221;off&#8221; button_one_border_width__hover_enabled=&#8221;off&#8221; button_two_border_width__hover_enabled=&#8221;off&#8221; button_border_color__hover_enabled=&#8221;off&#8221; button_one_border_color__hover_enabled=&#8221;off&#8221; button_two_border_color__hover_enabled=&#8221;off&#8221; button_border_radius__hover_enabled=&#8221;off&#8221; button_one_border_radius__hover_enabled=&#8221;off&#8221; button_two_border_radius__hover_enabled=&#8221;off&#8221; button_letter_spacing__hover_enabled=&#8221;off&#8221; button_one_letter_spacing__hover_enabled=&#8221;off&#8221; button_two_letter_spacing__hover_enabled=&#8221;off&#8221; button_bg_color__hover_enabled=&#8221;off&#8221; button_one_bg_color__hover_enabled=&#8221;off&#8221; button_two_bg_color__hover_enabled=&#8221;off&#8221;][\/et_pb_contact_field][et_pb_contact_field field_id=&#8221;phone&#8221; field_title=&#8221;T\u00e9l\u00e9phone&#8221; required_mark=&#8221;off&#8221; fullwidth_field=&#8221;on&#8221; _builder_version=&#8221;4.16&#8243; form_field_font=&#8221;||||&#8221; use_border_color=&#8221;off&#8221; border_style=&#8221;solid&#8221; global_colors_info=&#8221;{}&#8221; button_text_size__hover_enabled=&#8221;off&#8221; button_one_text_size__hover_enabled=&#8221;off&#8221; button_two_text_size__hover_enabled=&#8221;off&#8221; button_text_color__hover_enabled=&#8221;off&#8221; button_one_text_color__hover_enabled=&#8221;off&#8221; button_two_text_color__hover_enabled=&#8221;off&#8221; button_border_width__hover_enabled=&#8221;off&#8221; button_one_border_width__hover_enabled=&#8221;off&#8221; button_two_border_width__hover_enabled=&#8221;off&#8221; button_border_color__hover_enabled=&#8221;off&#8221; button_one_border_color__hover_enabled=&#8221;off&#8221; button_two_border_color__hover_enabled=&#8221;off&#8221; button_border_radius__hover_enabled=&#8221;off&#8221; button_one_border_radius__hover_enabled=&#8221;off&#8221; button_two_border_radius__hover_enabled=&#8221;off&#8221; button_letter_spacing__hover_enabled=&#8221;off&#8221; button_one_letter_spacing__hover_enabled=&#8221;off&#8221; button_two_letter_spacing__hover_enabled=&#8221;off&#8221; button_bg_color__hover_enabled=&#8221;off&#8221; button_one_bg_color__hover_enabled=&#8221;off&#8221; button_two_bg_color__hover_enabled=&#8221;off&#8221;][\/et_pb_contact_field][et_pb_contact_field field_id=&#8221;Message&#8221; field_title=&#8221;Message&#8221; field_type=&#8221;text&#8221; fullwidth_field=&#8221;on&#8221; _builder_version=&#8221;4.16&#8243; global_colors_info=&#8221;{}&#8221; button_text_size__hover_enabled=&#8221;off&#8221; button_one_text_size__hover_enabled=&#8221;off&#8221; button_two_text_size__hover_enabled=&#8221;off&#8221; button_text_color__hover_enabled=&#8221;off&#8221; button_one_text_color__hover_enabled=&#8221;off&#8221; button_two_text_color__hover_enabled=&#8221;off&#8221; button_border_width__hover_enabled=&#8221;off&#8221; button_one_border_width__hover_enabled=&#8221;off&#8221; button_two_border_width__hover_enabled=&#8221;off&#8221; button_border_color__hover_enabled=&#8221;off&#8221; button_one_border_color__hover_enabled=&#8221;off&#8221; button_two_border_color__hover_enabled=&#8221;off&#8221; button_border_radius__hover_enabled=&#8221;off&#8221; button_one_border_radius__hover_enabled=&#8221;off&#8221; button_two_border_radius__hover_enabled=&#8221;off&#8221; button_letter_spacing__hover_enabled=&#8221;off&#8221; button_one_letter_spacing__hover_enabled=&#8221;off&#8221; button_two_letter_spacing__hover_enabled=&#8221;off&#8221; button_bg_color__hover_enabled=&#8221;off&#8221; button_one_bg_color__hover_enabled=&#8221;off&#8221; button_two_bg_color__hover_enabled=&#8221;off&#8221;][\/et_pb_contact_field][et_pb_contact_field field_id=&#8221;RGPD&#8221; field_title=&#8221;Consentement au traitement des donn\u00e9es&#8221; field_type=&#8221;checkbox&#8221; checkbox_options=&#8221;%91{%22value%22:%22J&#8217;accepte que mes donn\u00e9es personnelles soient utilis\u00e9es conform\u00e9ment \u00e0 la politique de confidentialit\u00e9 de ce site.%22,%22checked%22:0,%22dragID%22:-1,%22link_url%22:%22https:\/\/www.culinairardennen.be\/fr\/politique-de-confidentialite\/%22,%22link_text%22:%22Politique de confidentialit\u00e9%22}%93&#8243; fullwidth_field=&#8221;on&#8221; _builder_version=&#8221;4.16&#8243; _module_preset=&#8221;default&#8221; global_colors_info=&#8221;{}&#8221;][\/et_pb_contact_field][\/et_pb_contact_form][\/et_pb_column][\/et_pb_row][\/et_pb_section]<\/p>\n","protected":false},"excerpt":{"rendered":"<p>ContactDu 6 janvier au 23 f\u00e9vrier 2025, le restaurant sera ouvert le vendredi, samedi et dimanche uniquement. Rue du T.T.A 1a 6997 Blier-Erez\u00e9e Belgique+32 (0)477 83 19 78 Ferm\u00e9 le mardi et mercredi Brasserie de 09h00 \u00e0 23h00 Restaurant de 12h00 \u00e0 21h30<\/p>\n","protected":false},"author":1,"featured_media":0,"parent":0,"menu_order":0,"comment_status":"closed","ping_status":"closed","template":"","meta":{"_et_pb_use_builder":"on","_et_pb_old_content":"","_et_gb_content_width":"","footnotes":""},"class_list":["post-48","page","type-page","status-publish","hentry"],"yoast_head":"<!-- This site is optimized with the Yoast SEO plugin v27.1.1 - https:\/\/yoast.com\/product\/yoast-seo-wordpress\/ -->\n<title>Contact - Brasserie - Restaurant A l&#039;Aisne fr<\/title>\n<meta name=\"robots\" content=\"index, follow, max-snippet:-1, max-image-preview:large, max-video-preview:-1\" \/>\n<link rel=\"canonical\" href=\"https:\/\/www.culinairardennen.be\/fr\/contact\/\" \/>\n<meta property=\"og:locale\" content=\"fr_FR\" \/>\n<meta property=\"og:type\" content=\"article\" \/>\n<meta property=\"og:title\" content=\"Contact - Brasserie - Restaurant A l&#039;Aisne fr\" \/>\n<meta property=\"og:description\" content=\"ContactDu 6 janvier au 23 f\u00e9vrier 2025, le restaurant sera ouvert le vendredi, samedi et dimanche uniquement. Rue du T.T.A 1a 6997 Blier-Erez\u00e9e Belgique+32 (0)477 83 19 78 Ferm\u00e9 le mardi et mercredi Brasserie de 09h00 \u00e0 23h00 Restaurant de 12h00 \u00e0 21h30\" \/>\n<meta property=\"og:url\" content=\"https:\/\/www.culinairardennen.be\/fr\/contact\/\" \/>\n<meta property=\"og:site_name\" content=\"Brasserie - Restaurant A l&#039;Aisne fr\" \/>\n<meta property=\"article:publisher\" content=\"https:\/\/www.facebook.com\/restaurantblier\/\" \/>\n<meta property=\"article:modified_time\" content=\"2025-08-25T10:08:25+00:00\" \/>\n<meta name=\"twitter:card\" content=\"summary_large_image\" \/>\n<script type=\"application\/ld+json\" class=\"yoast-schema-graph\">{\"@context\":\"https:\/\/schema.org\",\"@graph\":[{\"@type\":\"WebPage\",\"@id\":\"https:\/\/www.culinairardennen.be\/fr\/contact\/\",\"url\":\"https:\/\/www.culinairardennen.be\/fr\/contact\/\",\"name\":\"Contact - Brasserie - Restaurant A l&#039;Aisne fr\",\"isPartOf\":{\"@id\":\"https:\/\/www.culinairardennen.be\/fr\/#website\"},\"datePublished\":\"2016-12-16T15:04:54+00:00\",\"dateModified\":\"2025-08-25T10:08:25+00:00\",\"breadcrumb\":{\"@id\":\"https:\/\/www.culinairardennen.be\/fr\/contact\/#breadcrumb\"},\"inLanguage\":\"fr-BE\",\"potentialAction\":[{\"@type\":\"ReadAction\",\"target\":[\"https:\/\/www.culinairardennen.be\/fr\/contact\/\"]}]},{\"@type\":\"BreadcrumbList\",\"@id\":\"https:\/\/www.culinairardennen.be\/fr\/contact\/#breadcrumb\",\"itemListElement\":[{\"@type\":\"ListItem\",\"position\":1,\"name\":\"Accueil\",\"item\":\"https:\/\/www.culinairardennen.be\/fr\/\"},{\"@type\":\"ListItem\",\"position\":2,\"name\":\"Contact\"}]},{\"@type\":\"WebSite\",\"@id\":\"https:\/\/www.culinairardennen.be\/fr\/#website\",\"url\":\"https:\/\/www.culinairardennen.be\/fr\/\",\"name\":\"Brasserie - Restaurant A l&#039;Aisne fr\",\"description\":\"\",\"publisher\":{\"@id\":\"https:\/\/www.culinairardennen.be\/fr\/#organization\"},\"potentialAction\":[{\"@type\":\"SearchAction\",\"target\":{\"@type\":\"EntryPoint\",\"urlTemplate\":\"https:\/\/www.culinairardennen.be\/fr\/?s={search_term_string}\"},\"query-input\":{\"@type\":\"PropertyValueSpecification\",\"valueRequired\":true,\"valueName\":\"search_term_string\"}}],\"inLanguage\":\"fr-BE\"},{\"@type\":\"Organization\",\"@id\":\"https:\/\/www.culinairardennen.be\/fr\/#organization\",\"name\":\"Restaurant \u00e0 l'Aisne\",\"url\":\"https:\/\/www.culinairardennen.be\/fr\/\",\"logo\":{\"@type\":\"ImageObject\",\"inLanguage\":\"fr-BE\",\"@id\":\"https:\/\/www.culinairardennen.be\/fr\/#\/schema\/logo\/image\/\",\"url\":\"https:\/\/www.culinairardennen.be\/fr\/wp-content\/uploads\/sites\/2\/2021\/08\/alaisne-brasserie-restaurant.jpg\",\"contentUrl\":\"https:\/\/www.culinairardennen.be\/fr\/wp-content\/uploads\/sites\/2\/2021\/08\/alaisne-brasserie-restaurant.jpg\",\"width\":512,\"height\":512,\"caption\":\"Restaurant \u00e0 l'Aisne\"},\"image\":{\"@id\":\"https:\/\/www.culinairardennen.be\/fr\/#\/schema\/logo\/image\/\"},\"sameAs\":[\"https:\/\/www.facebook.com\/restaurantblier\/\"]}]}<\/script>\n<!-- \/ Yoast SEO plugin. -->","yoast_head_json":{"title":"Contact - Brasserie - Restaurant A l&#039;Aisne fr","robots":{"index":"index","follow":"follow","max-snippet":"max-snippet:-1","max-image-preview":"max-image-preview:large","max-video-preview":"max-video-preview:-1"},"canonical":"https:\/\/www.culinairardennen.be\/fr\/contact\/","og_locale":"fr_FR","og_type":"article","og_title":"Contact - Brasserie - Restaurant A l&#039;Aisne fr","og_description":"ContactDu 6 janvier au 23 f\u00e9vrier 2025, le restaurant sera ouvert le vendredi, samedi et dimanche uniquement. Rue du T.T.A 1a 6997 Blier-Erez\u00e9e Belgique+32 (0)477 83 19 78 Ferm\u00e9 le mardi et mercredi Brasserie de 09h00 \u00e0 23h00 Restaurant de 12h00 \u00e0 21h30","og_url":"https:\/\/www.culinairardennen.be\/fr\/contact\/","og_site_name":"Brasserie - Restaurant A l&#039;Aisne fr","article_publisher":"https:\/\/www.facebook.com\/restaurantblier\/","article_modified_time":"2025-08-25T10:08:25+00:00","twitter_card":"summary_large_image","schema":{"@context":"https:\/\/schema.org","@graph":[{"@type":"WebPage","@id":"https:\/\/www.culinairardennen.be\/fr\/contact\/","url":"https:\/\/www.culinairardennen.be\/fr\/contact\/","name":"Contact - Brasserie - Restaurant A l&#039;Aisne fr","isPartOf":{"@id":"https:\/\/www.culinairardennen.be\/fr\/#website"},"datePublished":"2016-12-16T15:04:54+00:00","dateModified":"2025-08-25T10:08:25+00:00","breadcrumb":{"@id":"https:\/\/www.culinairardennen.be\/fr\/contact\/#breadcrumb"},"inLanguage":"fr-BE","potentialAction":[{"@type":"ReadAction","target":["https:\/\/www.culinairardennen.be\/fr\/contact\/"]}]},{"@type":"BreadcrumbList","@id":"https:\/\/www.culinairardennen.be\/fr\/contact\/#breadcrumb","itemListElement":[{"@type":"ListItem","position":1,"name":"Accueil","item":"https:\/\/www.culinairardennen.be\/fr\/"},{"@type":"ListItem","position":2,"name":"Contact"}]},{"@type":"WebSite","@id":"https:\/\/www.culinairardennen.be\/fr\/#website","url":"https:\/\/www.culinairardennen.be\/fr\/","name":"Brasserie - Restaurant A l&#039;Aisne fr","description":"","publisher":{"@id":"https:\/\/www.culinairardennen.be\/fr\/#organization"},"potentialAction":[{"@type":"SearchAction","target":{"@type":"EntryPoint","urlTemplate":"https:\/\/www.culinairardennen.be\/fr\/?s={search_term_string}"},"query-input":{"@type":"PropertyValueSpecification","valueRequired":true,"valueName":"search_term_string"}}],"inLanguage":"fr-BE"},{"@type":"Organization","@id":"https:\/\/www.culinairardennen.be\/fr\/#organization","name":"Restaurant \u00e0 l'Aisne","url":"https:\/\/www.culinairardennen.be\/fr\/","logo":{"@type":"ImageObject","inLanguage":"fr-BE","@id":"https:\/\/www.culinairardennen.be\/fr\/#\/schema\/logo\/image\/","url":"https:\/\/www.culinairardennen.be\/fr\/wp-content\/uploads\/sites\/2\/2021\/08\/alaisne-brasserie-restaurant.jpg","contentUrl":"https:\/\/www.culinairardennen.be\/fr\/wp-content\/uploads\/sites\/2\/2021\/08\/alaisne-brasserie-restaurant.jpg","width":512,"height":512,"caption":"Restaurant \u00e0 l'Aisne"},"image":{"@id":"https:\/\/www.culinairardennen.be\/fr\/#\/schema\/logo\/image\/"},"sameAs":["https:\/\/www.facebook.com\/restaurantblier\/"]}]}},"_links":{"self":[{"href":"https:\/\/www.culinairardennen.be\/fr\/wp-json\/wp\/v2\/pages\/48","targetHints":{"allow":["GET"]}}],"collection":[{"href":"https:\/\/www.culinairardennen.be\/fr\/wp-json\/wp\/v2\/pages"}],"about":[{"href":"https:\/\/www.culinairardennen.be\/fr\/wp-json\/wp\/v2\/types\/page"}],"author":[{"embeddable":true,"href":"https:\/\/www.culinairardennen.be\/fr\/wp-json\/wp\/v2\/users\/1"}],"replies":[{"embeddable":true,"href":"https:\/\/www.culinairardennen.be\/fr\/wp-json\/wp\/v2\/comments?post=48"}],"version-history":[{"count":54,"href":"https:\/\/www.culinairardennen.be\/fr\/wp-json\/wp\/v2\/pages\/48\/revisions"}],"predecessor-version":[{"id":2962,"href":"https:\/\/www.culinairardennen.be\/fr\/wp-json\/wp\/v2\/pages\/48\/revisions\/2962"}],"wp:attachment":[{"href":"https:\/\/www.culinairardennen.be\/fr\/wp-json\/wp\/v2\/media?parent=48"}],"curies":[{"name":"wp","href":"https:\/\/api.w.org\/{rel}","templated":true}]}}