{"id":271,"date":"2018-06-21T14:37:09","date_gmt":"2018-06-21T12:37:09","guid":{"rendered":"https:\/\/www.culinairardennen.be\/fr\/?page_id=271"},"modified":"2023-06-22T10:13:55","modified_gmt":"2023-06-22T08:13:55","slug":"politique-de-confidentialite","status":"publish","type":"page","link":"https:\/\/www.culinairardennen.be\/fr\/politique-de-confidentialite\/","title":{"rendered":"Politique de confidentialit\u00e9"},"content":{"rendered":"<p>[et_pb_section fb_built=&#8221;1&#8243; _builder_version=&#8221;4.16&#8243; _module_preset=&#8221;default&#8221; background_color=&#8221;#29373a&#8221; global_colors_info=&#8221;{}&#8221;][et_pb_row _builder_version=&#8221;4.16&#8243; _module_preset=&#8221;default&#8221; global_colors_info=&#8221;{}&#8221;][et_pb_column type=&#8221;4_4&#8243; _builder_version=&#8221;4.16&#8243; _module_preset=&#8221;default&#8221; global_colors_info=&#8221;{}&#8221;][et_pb_text _builder_version=&#8221;4.16&#8243; header_text_align=&#8221;center&#8221; header_text_color=&#8221;#dab77a&#8221; border_style=&#8221;solid&#8221; global_colors_info=&#8221;{}&#8221;]<\/p>\n<h1>Politique de confidentialit\u00e9<\/h1>\n<p>[\/et_pb_text][\/et_pb_column][\/et_pb_row][et_pb_row _builder_version=&#8221;4.16&#8243; _module_preset=&#8221;default&#8221; global_colors_info=&#8221;{}&#8221;][et_pb_column type=&#8221;4_4&#8243; _builder_version=&#8221;4.16&#8243; _module_preset=&#8221;default&#8221; global_colors_info=&#8221;{}&#8221;][et_pb_text _builder_version=&#8221;4.21.0&#8243; _module_preset=&#8221;default&#8221; header_2_text_color=&#8221;#dab77a&#8221; header_3_text_color=&#8221;#dab77a&#8221; background_layout=&#8221;dark&#8221; hover_enabled=&#8221;0&#8243; global_colors_info=&#8221;{}&#8221; sticky_enabled=&#8221;0&#8243;]<\/p>\n<h2>Qui sommes-nous\u00a0?<\/h2>\n<p>SA L&#8217;hermitage<br \/>\nRue du TTA 1a 6997 Blier<br \/>\nTVA BE 465 443 810<br \/>\nL\u2019adresse de notre site Web est\u00a0: https:\/\/www.culinairardennen.be\/fr\/<\/p>\n<h2>Utilisation des donn\u00e9es personnelles collect\u00e9es<\/h2>\n<h3>Formulaires de contact<\/h3>\n<p>Nous collectons les donn\u00e9es que vous nous communiquez via les diff\u00e9rents formulaires \u00e0 fin de permettre le traitement et l&#8217;ex\u00e9cution de vos demandes.<\/p>\n<h3>Cookies<\/h3>\n<p>Statistiques et mesures d\u2019audience<br \/>\nNous utilisons les services de Google Analytics pour obtenir des statistiques de fr\u00e9quentation et sur l&#8217;utilisation de notre site internet.<\/p>\n<p>Ce service d\u00e9pose des cookies sur vos terminaux. Vous trouverez toutes les informations sur la politique de confidentialit\u00e9 de Google \u00e0 cette adresse https:\/\/policies.google.com\/privacy#infocollect<\/p>\n<p><!--\n\n\n<div id=\"matomo-opt-out\"><\/div>\n\n\n<script src=\"https:\/\/culinairardennen.matomo.cloud\/index.php?module=CoreAdminHome&action=optOutJS&divId=matomo-opt-out&language=auto&showIntro=1\"><\/script>\n--><\/p>\n<h3>Dur\u00e9es de stockage de vos donn\u00e9es<\/h3>\n<p>Toutes les donn\u00e9es collect\u00e9es via les diff\u00e9rents formulaires pr\u00e9sents sur ce site sont conserv\u00e9es pour une dur\u00e9e maximum de 36 mois.<\/p>\n<h3>Les droits que vous avez sur vos donn\u00e9es<\/h3>\n<p>Vous pouvez demander \u00e0 recevoir un fichier contenant toutes les donn\u00e9es personnelles que nous poss\u00e9dons \u00e0 votre sujet, incluant celles que vous nous avez fournies. Vous pouvez \u00e9galement demander la suppression des donn\u00e9es personnelles vous concernant. Cela ne prend pas en compte les donn\u00e9es stock\u00e9es \u00e0 des fins administratives, l\u00e9gales ou pour des raisons de s\u00e9curit\u00e9.<\/p>\n<h3>Transmission de vos donn\u00e9es personnelles<\/h3>\n<p>Les commentaires des visiteurs peuvent \u00eatre v\u00e9rifi\u00e9s \u00e0 l\u2019aide d\u2019un service automatis\u00e9 de d\u00e9tection des commentaires ind\u00e9sirables.<\/p>\n<h3>Informations de contact<\/h3>\n<p>E-mail : info@levaldelaisne.be<\/p>\n<p>T\u00e9l\u00e9phone: 086 47 00 67<\/p>\n<h3>Comment nous prot\u00e9geons vos donn\u00e9es<\/h3>\n<p>Afin d\u2019assurer la protection des donn\u00e9es recueillies, nous avons mis en place un programme de s\u00e9curisation des informations stock\u00e9es dans ce syst\u00e8mes. Nous avons \u00e9galement mis en place un protocole de s\u00e9curit\u00e9 chiffrant tous les \u00e9changes de donn\u00e9es entre vos terminaux et notre site.[\/et_pb_text][\/et_pb_column][\/et_pb_row][\/et_pb_section]<\/p>\n","protected":false},"excerpt":{"rendered":"<p>Politique de confidentialit\u00e9Qui sommes-nous\u00a0? SA L&#8217;hermitage Rue du TTA 1a 6997 Blier TVA BE 465 443 810 L\u2019adresse de notre site Web est\u00a0: https:\/\/www.culinairardennen.be\/fr\/ Utilisation des donn\u00e9es personnelles collect\u00e9es Formulaires de contact Nous collectons les donn\u00e9es que vous nous communiquez via les diff\u00e9rents formulaires \u00e0 fin de permettre le traitement et l&#8217;ex\u00e9cution de vos demandes. [&hellip;]<\/p>\n","protected":false},"author":1,"featured_media":0,"parent":0,"menu_order":0,"comment_status":"closed","ping_status":"closed","template":"","meta":{"_et_pb_use_builder":"on","_et_pb_old_content":"<h2>Qui sommes-nous\u00a0?<\/h2><p>SA L'Hermitage<br \/>Rue du TTA 1a 6997 Blier<br \/>TVA BE 465 443 810<br \/>L\u2019adresse de notre site Web est\u00a0: https:\/\/www.culinairardennen.be\/fr\/<\/p><h2>Utilisation des donn\u00e9es personnelles collect\u00e9es<\/h2><h3>Formulaires de contact<\/h3><p>Nous collectons les donn\u00e9es que vous nous communiquez via les diff\u00e9rents formulaires \u00e0 fin de permettre le traitement et l'ex\u00e9cution de vos demandes.<\/p><h3>Cookies<\/h3><p>[cookies_revoke]<\/p><h3>Statistiques et mesures d\u2019audience<\/h3><p>Nous utilisons les services de Google Analytics pour obtenir des statistiques de fr\u00e9quentation et sur l'utilisation de notre site internet.<\/p><p>Ce service d\u00e9pose des cookies sur vos terminaux. Vous trouverez toutes les informations sur la politique de confidentialit\u00e9 de Google \u00e0 cette adresse <a href=\"https:\/\/policies.google.com\/privacy#infocollect\" rel=\"nofollow\">https:\/\/policies.google.com\/privacy#infocollect<\/a><\/p><h2>Utilisation et transmission de vos donn\u00e9es personnelles<\/h2><h2>Dur\u00e9es de stockage de vos donn\u00e9es<\/h2><p>Toutes les donn\u00e9es collect\u00e9es via les diff\u00e9rents formulaires pr\u00e9sents sur ce site sont conserv\u00e9es pour une dur\u00e9e maximum de 36 mois.<\/p><h2>Les droits que vous avez sur vos donn\u00e9es<\/h2><p>Vous pouvez demander \u00e0 recevoir un fichier contenant toutes les donn\u00e9es personnelles que nous poss\u00e9dons \u00e0 votre sujet, incluant celles que vous nous avez fournies. Vous pouvez \u00e9galement demander la suppression des donn\u00e9es personnelles vous concernant. Cela ne prend pas en compte les donn\u00e9es stock\u00e9es \u00e0 des fins administratives, l\u00e9gales ou pour des raisons de s\u00e9curit\u00e9.<\/p><h2>Transmission de vos donn\u00e9es personnelles<\/h2><p>Les commentaires des visiteurs peuvent \u00eatre v\u00e9rifi\u00e9s \u00e0 l\u2019aide d\u2019un service automatis\u00e9 de d\u00e9tection des commentaires ind\u00e9sirables.<\/p><h2>Informations de contact<\/h2><p>E-mail : info@levaldelaisne.be<\/p><p>T\u00e9l\u00e9phone: 086 47 00 67<\/p><h2>Informations suppl\u00e9mentaires<\/h2><h3>Comment nous prot\u00e9geons vos donn\u00e9es<\/h3><p>Afin d\u2019assurer la protection des donn\u00e9es recueillies, nous avons mis en place un programme de s\u00e9curisation des informations stock\u00e9es dans ce syst\u00e8mes. Nous avons \u00e9galement mis en place un protocole de s\u00e9curit\u00e9 chiffrant tous les \u00e9changes de donn\u00e9es entre vos terminaux et notre site.<\/p>","_et_gb_content_width":"","footnotes":""},"class_list":["post-271","page","type-page","status-publish","hentry"],"yoast_head":"<!-- This site is optimized with the Yoast SEO plugin v27.4 - https:\/\/yoast.com\/product\/yoast-seo-wordpress\/ -->\n<title>Politique de confidentialit\u00e9 - Brasserie - Restaurant A l&#039;Aisne fr<\/title>\n<meta name=\"robots\" content=\"noindex, nofollow\" \/>\n<meta property=\"og:locale\" content=\"fr_FR\" \/>\n<meta property=\"og:type\" content=\"article\" \/>\n<meta property=\"og:title\" content=\"Politique de confidentialit\u00e9 - Brasserie - Restaurant A l&#039;Aisne fr\" \/>\n<meta property=\"og:description\" content=\"Politique de confidentialit\u00e9Qui sommes-nous\u00a0? SA L&#039;hermitage Rue du TTA 1a 6997 Blier TVA BE 465 443 810 L\u2019adresse de notre site Web est\u00a0: https:\/\/www.culinairardennen.be\/fr\/ Utilisation des donn\u00e9es personnelles collect\u00e9es Formulaires de contact Nous collectons les donn\u00e9es que vous nous communiquez via les diff\u00e9rents formulaires \u00e0 fin de permettre le traitement et l&#039;ex\u00e9cution de vos demandes. [&hellip;]\" \/>\n<meta property=\"og:url\" content=\"https:\/\/www.culinairardennen.be\/fr\/politique-de-confidentialite\/\" \/>\n<meta property=\"og:site_name\" content=\"Brasserie - Restaurant A l&#039;Aisne fr\" \/>\n<meta property=\"article:publisher\" content=\"https:\/\/www.facebook.com\/restaurantblier\/\" \/>\n<meta property=\"article:modified_time\" content=\"2023-06-22T08:13:55+00:00\" \/>\n<meta name=\"twitter:card\" content=\"summary_large_image\" \/>\n<script type=\"application\/ld+json\" class=\"yoast-schema-graph\">{\"@context\":\"https:\\\/\\\/schema.org\",\"@graph\":[{\"@type\":\"WebPage\",\"@id\":\"https:\\\/\\\/www.culinairardennen.be\\\/fr\\\/politique-de-confidentialite\\\/\",\"url\":\"https:\\\/\\\/www.culinairardennen.be\\\/fr\\\/politique-de-confidentialite\\\/\",\"name\":\"Politique de confidentialit\u00e9 - Brasserie - Restaurant A l&#039;Aisne fr\",\"isPartOf\":{\"@id\":\"https:\\\/\\\/www.culinairardennen.be\\\/fr\\\/#website\"},\"datePublished\":\"2018-06-21T12:37:09+00:00\",\"dateModified\":\"2023-06-22T08:13:55+00:00\",\"breadcrumb\":{\"@id\":\"https:\\\/\\\/www.culinairardennen.be\\\/fr\\\/politique-de-confidentialite\\\/#breadcrumb\"},\"inLanguage\":\"fr-BE\",\"potentialAction\":[{\"@type\":\"ReadAction\",\"target\":[\"https:\\\/\\\/www.culinairardennen.be\\\/fr\\\/politique-de-confidentialite\\\/\"]}]},{\"@type\":\"BreadcrumbList\",\"@id\":\"https:\\\/\\\/www.culinairardennen.be\\\/fr\\\/politique-de-confidentialite\\\/#breadcrumb\",\"itemListElement\":[{\"@type\":\"ListItem\",\"position\":1,\"name\":\"Accueil\",\"item\":\"https:\\\/\\\/www.culinairardennen.be\\\/fr\\\/\"},{\"@type\":\"ListItem\",\"position\":2,\"name\":\"Politique de confidentialit\u00e9\"}]},{\"@type\":\"WebSite\",\"@id\":\"https:\\\/\\\/www.culinairardennen.be\\\/fr\\\/#website\",\"url\":\"https:\\\/\\\/www.culinairardennen.be\\\/fr\\\/\",\"name\":\"Brasserie - Restaurant A l&#039;Aisne fr\",\"description\":\"\",\"publisher\":{\"@id\":\"https:\\\/\\\/www.culinairardennen.be\\\/fr\\\/#organization\"},\"potentialAction\":[{\"@type\":\"SearchAction\",\"target\":{\"@type\":\"EntryPoint\",\"urlTemplate\":\"https:\\\/\\\/www.culinairardennen.be\\\/fr\\\/?s={search_term_string}\"},\"query-input\":{\"@type\":\"PropertyValueSpecification\",\"valueRequired\":true,\"valueName\":\"search_term_string\"}}],\"inLanguage\":\"fr-BE\"},{\"@type\":\"Organization\",\"@id\":\"https:\\\/\\\/www.culinairardennen.be\\\/fr\\\/#organization\",\"name\":\"Restaurant \u00e0 l'Aisne\",\"url\":\"https:\\\/\\\/www.culinairardennen.be\\\/fr\\\/\",\"logo\":{\"@type\":\"ImageObject\",\"inLanguage\":\"fr-BE\",\"@id\":\"https:\\\/\\\/www.culinairardennen.be\\\/fr\\\/#\\\/schema\\\/logo\\\/image\\\/\",\"url\":\"https:\\\/\\\/www.culinairardennen.be\\\/fr\\\/wp-content\\\/uploads\\\/sites\\\/2\\\/2021\\\/08\\\/alaisne-brasserie-restaurant.jpg\",\"contentUrl\":\"https:\\\/\\\/www.culinairardennen.be\\\/fr\\\/wp-content\\\/uploads\\\/sites\\\/2\\\/2021\\\/08\\\/alaisne-brasserie-restaurant.jpg\",\"width\":512,\"height\":512,\"caption\":\"Restaurant \u00e0 l'Aisne\"},\"image\":{\"@id\":\"https:\\\/\\\/www.culinairardennen.be\\\/fr\\\/#\\\/schema\\\/logo\\\/image\\\/\"},\"sameAs\":[\"https:\\\/\\\/www.facebook.com\\\/restaurantblier\\\/\"]}]}<\/script>\n<!-- \/ Yoast SEO plugin. -->","yoast_head_json":{"title":"Politique de confidentialit\u00e9 - Brasserie - Restaurant A l&#039;Aisne fr","robots":{"index":"noindex","follow":"nofollow"},"og_locale":"fr_FR","og_type":"article","og_title":"Politique de confidentialit\u00e9 - Brasserie - Restaurant A l&#039;Aisne fr","og_description":"Politique de confidentialit\u00e9Qui sommes-nous\u00a0? SA L'hermitage Rue du TTA 1a 6997 Blier TVA BE 465 443 810 L\u2019adresse de notre site Web est\u00a0: https:\/\/www.culinairardennen.be\/fr\/ Utilisation des donn\u00e9es personnelles collect\u00e9es Formulaires de contact Nous collectons les donn\u00e9es que vous nous communiquez via les diff\u00e9rents formulaires \u00e0 fin de permettre le traitement et l'ex\u00e9cution de vos demandes. [&hellip;]","og_url":"https:\/\/www.culinairardennen.be\/fr\/politique-de-confidentialite\/","og_site_name":"Brasserie - Restaurant A l&#039;Aisne fr","article_publisher":"https:\/\/www.facebook.com\/restaurantblier\/","article_modified_time":"2023-06-22T08:13:55+00:00","twitter_card":"summary_large_image","schema":{"@context":"https:\/\/schema.org","@graph":[{"@type":"WebPage","@id":"https:\/\/www.culinairardennen.be\/fr\/politique-de-confidentialite\/","url":"https:\/\/www.culinairardennen.be\/fr\/politique-de-confidentialite\/","name":"Politique de confidentialit\u00e9 - Brasserie - Restaurant A l&#039;Aisne fr","isPartOf":{"@id":"https:\/\/www.culinairardennen.be\/fr\/#website"},"datePublished":"2018-06-21T12:37:09+00:00","dateModified":"2023-06-22T08:13:55+00:00","breadcrumb":{"@id":"https:\/\/www.culinairardennen.be\/fr\/politique-de-confidentialite\/#breadcrumb"},"inLanguage":"fr-BE","potentialAction":[{"@type":"ReadAction","target":["https:\/\/www.culinairardennen.be\/fr\/politique-de-confidentialite\/"]}]},{"@type":"BreadcrumbList","@id":"https:\/\/www.culinairardennen.be\/fr\/politique-de-confidentialite\/#breadcrumb","itemListElement":[{"@type":"ListItem","position":1,"name":"Accueil","item":"https:\/\/www.culinairardennen.be\/fr\/"},{"@type":"ListItem","position":2,"name":"Politique de confidentialit\u00e9"}]},{"@type":"WebSite","@id":"https:\/\/www.culinairardennen.be\/fr\/#website","url":"https:\/\/www.culinairardennen.be\/fr\/","name":"Brasserie - Restaurant A l&#039;Aisne fr","description":"","publisher":{"@id":"https:\/\/www.culinairardennen.be\/fr\/#organization"},"potentialAction":[{"@type":"SearchAction","target":{"@type":"EntryPoint","urlTemplate":"https:\/\/www.culinairardennen.be\/fr\/?s={search_term_string}"},"query-input":{"@type":"PropertyValueSpecification","valueRequired":true,"valueName":"search_term_string"}}],"inLanguage":"fr-BE"},{"@type":"Organization","@id":"https:\/\/www.culinairardennen.be\/fr\/#organization","name":"Restaurant \u00e0 l'Aisne","url":"https:\/\/www.culinairardennen.be\/fr\/","logo":{"@type":"ImageObject","inLanguage":"fr-BE","@id":"https:\/\/www.culinairardennen.be\/fr\/#\/schema\/logo\/image\/","url":"https:\/\/www.culinairardennen.be\/fr\/wp-content\/uploads\/sites\/2\/2021\/08\/alaisne-brasserie-restaurant.jpg","contentUrl":"https:\/\/www.culinairardennen.be\/fr\/wp-content\/uploads\/sites\/2\/2021\/08\/alaisne-brasserie-restaurant.jpg","width":512,"height":512,"caption":"Restaurant \u00e0 l'Aisne"},"image":{"@id":"https:\/\/www.culinairardennen.be\/fr\/#\/schema\/logo\/image\/"},"sameAs":["https:\/\/www.facebook.com\/restaurantblier\/"]}]}},"_links":{"self":[{"href":"https:\/\/www.culinairardennen.be\/fr\/wp-json\/wp\/v2\/pages\/271","targetHints":{"allow":["GET"]}}],"collection":[{"href":"https:\/\/www.culinairardennen.be\/fr\/wp-json\/wp\/v2\/pages"}],"about":[{"href":"https:\/\/www.culinairardennen.be\/fr\/wp-json\/wp\/v2\/types\/page"}],"author":[{"embeddable":true,"href":"https:\/\/www.culinairardennen.be\/fr\/wp-json\/wp\/v2\/users\/1"}],"replies":[{"embeddable":true,"href":"https:\/\/www.culinairardennen.be\/fr\/wp-json\/wp\/v2\/comments?post=271"}],"version-history":[{"count":6,"href":"https:\/\/www.culinairardennen.be\/fr\/wp-json\/wp\/v2\/pages\/271\/revisions"}],"predecessor-version":[{"id":2193,"href":"https:\/\/www.culinairardennen.be\/fr\/wp-json\/wp\/v2\/pages\/271\/revisions\/2193"}],"wp:attachment":[{"href":"https:\/\/www.culinairardennen.be\/fr\/wp-json\/wp\/v2\/media?parent=271"}],"curies":[{"name":"wp","href":"https:\/\/api.w.org\/{rel}","templated":true}]}}